{"id":1294,"date":"2018-06-23T07:21:53","date_gmt":"2018-06-23T07:21:53","guid":{"rendered":"http:\/\/autosolvera.com\/index.php\/find-your-favorite-car-in-a-minute\/"},"modified":"2024-04-05T11:38:12","modified_gmt":"2024-04-05T09:38:12","slug":"find-your-favorite-car-in-a-minute","status":"publish","type":"page","link":"https:\/\/autosolvera.com\/index.php\/find-your-favorite-car-in-a-minute\/","title":{"rendered":"Tenemos el veh\u00edculo que est\u00e1s buscando!"},"content":{"rendered":"<ul>\n<li>M\u00e1s de 30 veh\u00edculos en stock.<\/li>\n<li>Veh\u00edculos con Garant\u00eda mec\u00e1nica.<\/li>\n<\/ul>\n","protected":false},"excerpt":{"rendered":"<p>M\u00e1s de 30 veh\u00edculos en stock. Veh\u00edculos con Garant\u00eda mec\u00e1nica.<\/p>\n","protected":false},"author":1,"featured_media":1485,"parent":0,"menu_order":0,"comment_status":"closed","ping_status":"closed","template":"","meta":{"_uag_custom_page_level_css":"","slim_seo":{"title":"Tenemos el veh\u00edculo que est\u00e1s buscando! - Autos Olvera","description":"M\u00e1s de 30 veh\u00edculos en stock. Veh\u00edculos con Garant\u00eda mec\u00e1nica."},"_vp_format_video_url":"","_vp_image_focal_point":[],"footnotes":""},"tags":[51],"class_list":["post-1294","page","type-page","status-publish","has-post-thumbnail","hentry","tag-featured"],"uagb_featured_image_src":{"full":["https:\/\/autosolvera.com\/wp-content\/uploads\/2018\/07\/slider-min.jpg",1920,870,false],"thumbnail":["https:\/\/autosolvera.com\/wp-content\/uploads\/2018\/07\/slider-min-150x150.jpg",150,150,true],"medium":["https:\/\/autosolvera.com\/wp-content\/uploads\/2018\/07\/slider-min-300x136.jpg",300,136,true],"medium_large":["https:\/\/autosolvera.com\/wp-content\/uploads\/2018\/07\/slider-min-768x348.jpg",768,348,true],"large":["https:\/\/autosolvera.com\/wp-content\/uploads\/2018\/07\/slider-min-1024x464.jpg",770,349,true],"1536x1536":["https:\/\/autosolvera.com\/wp-content\/uploads\/2018\/07\/slider-min-1536x696.jpg",1536,696,true],"2048x2048":["https:\/\/autosolvera.com\/wp-content\/uploads\/2018\/07\/slider-min.jpg",1920,870,false],"vp_sm":["https:\/\/autosolvera.com\/wp-content\/uploads\/2018\/07\/slider-min-500x227.jpg",500,227,true],"vp_md":["https:\/\/autosolvera.com\/wp-content\/uploads\/2018\/07\/slider-min-800x363.jpg",800,363,true],"vp_lg":["https:\/\/autosolvera.com\/wp-content\/uploads\/2018\/07\/slider-min-1280x580.jpg",1280,580,true],"vp_xl":["https:\/\/autosolvera.com\/wp-content\/uploads\/2018\/07\/slider-min.jpg",1920,870,false],"vp_sm_popup":["https:\/\/autosolvera.com\/wp-content\/uploads\/2018\/07\/slider-min-500x227.jpg",500,227,true],"vp_md_popup":["https:\/\/autosolvera.com\/wp-content\/uploads\/2018\/07\/slider-min-800x363.jpg",800,363,true],"vp_xl_popup":["https:\/\/autosolvera.com\/wp-content\/uploads\/2018\/07\/slider-min.jpg",1920,870,false],"post-thumbnail":["https:\/\/autosolvera.com\/wp-content\/uploads\/2018\/07\/slider-min-770x420.jpg",770,420,true],"al-sml":["https:\/\/autosolvera.com\/wp-content\/uploads\/2018\/07\/slider-min-400x250.jpg",400,250,true]},"uagb_author_info":{"display_name":"admin","author_link":"https:\/\/autosolvera.com\/index.php\/author\/admin\/"},"uagb_comment_info":0,"uagb_excerpt":"M\u00e1s de 30 veh\u00edculos en stock. Veh\u00edculos con Garant\u00eda mec\u00e1nica.","jetpack_sharing_enabled":true,"_links":{"self":[{"href":"https:\/\/autosolvera.com\/index.php\/wp-json\/wp\/v2\/pages\/1294","targetHints":{"allow":["GET"]}}],"collection":[{"href":"https:\/\/autosolvera.com\/index.php\/wp-json\/wp\/v2\/pages"}],"about":[{"href":"https:\/\/autosolvera.com\/index.php\/wp-json\/wp\/v2\/types\/page"}],"author":[{"embeddable":true,"href":"https:\/\/autosolvera.com\/index.php\/wp-json\/wp\/v2\/users\/1"}],"replies":[{"embeddable":true,"href":"https:\/\/autosolvera.com\/index.php\/wp-json\/wp\/v2\/comments?post=1294"}],"version-history":[{"count":3,"href":"https:\/\/autosolvera.com\/index.php\/wp-json\/wp\/v2\/pages\/1294\/revisions"}],"predecessor-version":[{"id":4787,"href":"https:\/\/autosolvera.com\/index.php\/wp-json\/wp\/v2\/pages\/1294\/revisions\/4787"}],"wp:featuredmedia":[{"embeddable":true,"href":"https:\/\/autosolvera.com\/index.php\/wp-json\/wp\/v2\/media\/1485"}],"wp:attachment":[{"href":"https:\/\/autosolvera.com\/index.php\/wp-json\/wp\/v2\/media?parent=1294"}],"wp:term":[{"taxonomy":"post_tag","embeddable":true,"href":"https:\/\/autosolvera.com\/index.php\/wp-json\/wp\/v2\/tags?post=1294"}],"curies":[{"name":"wp","href":"https:\/\/api.w.org\/{rel}","templated":true}]}}