{"id":1299,"date":"2018-06-23T08:20:17","date_gmt":"2018-06-23T08:20:17","guid":{"rendered":"http:\/\/autosolvera.com\/index.php\/find-your-favorite-car-in-a-minute-1\/"},"modified":"2024-04-05T11:41:21","modified_gmt":"2024-04-05T09:41:21","slug":"find-your-favorite-car-in-a-minute-1","status":"publish","type":"page","link":"https:\/\/autosolvera.com\/index.php\/find-your-favorite-car-in-a-minute-1\/","title":{"rendered":"AUTOS OLVERA, concesionario multimarca."},"content":{"rendered":"<ul>\n<li>M\u00e1s de 30 veh\u00edculos en stock.<\/li>\n<li>Veh\u00edculos con Garant\u00eda mec\u00e1nica.<\/li>\n<\/ul>\n","protected":false},"excerpt":{"rendered":"<p>M\u00e1s de 30 veh\u00edculos en stock. Veh\u00edculos con Garant\u00eda mec\u00e1nica.<\/p>\n","protected":false},"author":1,"featured_media":1522,"parent":0,"menu_order":0,"comment_status":"closed","ping_status":"closed","template":"","meta":{"_uag_custom_page_level_css":"","slim_seo":{"title":"AUTOS OLVERA, concesionario multimarca. - Autos Olvera","description":"M\u00e1s de 30 veh\u00edculos en stock. Veh\u00edculos con Garant\u00eda mec\u00e1nica."},"_vp_format_video_url":"","_vp_image_focal_point":[],"footnotes":""},"tags":[51],"class_list":["post-1299","page","type-page","status-publish","has-post-thumbnail","hentry","tag-featured"],"uagb_featured_image_src":{"full":["https:\/\/autosolvera.com\/wp-content\/uploads\/2018\/07\/gabriel-gurrola-125352-unsplash-min.jpg",1920,837,false],"thumbnail":["https:\/\/autosolvera.com\/wp-content\/uploads\/2018\/07\/gabriel-gurrola-125352-unsplash-min-150x150.jpg",150,150,true],"medium":["https:\/\/autosolvera.com\/wp-content\/uploads\/2018\/07\/gabriel-gurrola-125352-unsplash-min-300x131.jpg",300,131,true],"medium_large":["https:\/\/autosolvera.com\/wp-content\/uploads\/2018\/07\/gabriel-gurrola-125352-unsplash-min-768x335.jpg",768,335,true],"large":["https:\/\/autosolvera.com\/wp-content\/uploads\/2018\/07\/gabriel-gurrola-125352-unsplash-min-1024x446.jpg",770,335,true],"1536x1536":["https:\/\/autosolvera.com\/wp-content\/uploads\/2018\/07\/gabriel-gurrola-125352-unsplash-min-1536x670.jpg",1536,670,true],"2048x2048":["https:\/\/autosolvera.com\/wp-content\/uploads\/2018\/07\/gabriel-gurrola-125352-unsplash-min.jpg",1920,837,false],"vp_sm":["https:\/\/autosolvera.com\/wp-content\/uploads\/2018\/07\/gabriel-gurrola-125352-unsplash-min-500x218.jpg",500,218,true],"vp_md":["https:\/\/autosolvera.com\/wp-content\/uploads\/2018\/07\/gabriel-gurrola-125352-unsplash-min-800x349.jpg",800,349,true],"vp_lg":["https:\/\/autosolvera.com\/wp-content\/uploads\/2018\/07\/gabriel-gurrola-125352-unsplash-min-1280x558.jpg",1280,558,true],"vp_xl":["https:\/\/autosolvera.com\/wp-content\/uploads\/2018\/07\/gabriel-gurrola-125352-unsplash-min.jpg",1920,837,false],"vp_sm_popup":["https:\/\/autosolvera.com\/wp-content\/uploads\/2018\/07\/gabriel-gurrola-125352-unsplash-min-500x218.jpg",500,218,true],"vp_md_popup":["https:\/\/autosolvera.com\/wp-content\/uploads\/2018\/07\/gabriel-gurrola-125352-unsplash-min-800x349.jpg",800,349,true],"vp_xl_popup":["https:\/\/autosolvera.com\/wp-content\/uploads\/2018\/07\/gabriel-gurrola-125352-unsplash-min.jpg",1920,837,false],"post-thumbnail":["https:\/\/autosolvera.com\/wp-content\/uploads\/2018\/07\/gabriel-gurrola-125352-unsplash-min-770x420.jpg",770,420,true],"al-sml":["https:\/\/autosolvera.com\/wp-content\/uploads\/2018\/07\/gabriel-gurrola-125352-unsplash-min-400x250.jpg",400,250,true]},"uagb_author_info":{"display_name":"admin","author_link":"https:\/\/autosolvera.com\/index.php\/author\/admin\/"},"uagb_comment_info":0,"uagb_excerpt":"M\u00e1s de 30 veh\u00edculos en stock. Veh\u00edculos con Garant\u00eda mec\u00e1nica.","jetpack_sharing_enabled":true,"_links":{"self":[{"href":"https:\/\/autosolvera.com\/index.php\/wp-json\/wp\/v2\/pages\/1299","targetHints":{"allow":["GET"]}}],"collection":[{"href":"https:\/\/autosolvera.com\/index.php\/wp-json\/wp\/v2\/pages"}],"about":[{"href":"https:\/\/autosolvera.com\/index.php\/wp-json\/wp\/v2\/types\/page"}],"author":[{"embeddable":true,"href":"https:\/\/autosolvera.com\/index.php\/wp-json\/wp\/v2\/users\/1"}],"replies":[{"embeddable":true,"href":"https:\/\/autosolvera.com\/index.php\/wp-json\/wp\/v2\/comments?post=1299"}],"version-history":[{"count":1,"href":"https:\/\/autosolvera.com\/index.php\/wp-json\/wp\/v2\/pages\/1299\/revisions"}],"predecessor-version":[{"id":4789,"href":"https:\/\/autosolvera.com\/index.php\/wp-json\/wp\/v2\/pages\/1299\/revisions\/4789"}],"wp:featuredmedia":[{"embeddable":true,"href":"https:\/\/autosolvera.com\/index.php\/wp-json\/wp\/v2\/media\/1522"}],"wp:attachment":[{"href":"https:\/\/autosolvera.com\/index.php\/wp-json\/wp\/v2\/media?parent=1299"}],"wp:term":[{"taxonomy":"post_tag","embeddable":true,"href":"https:\/\/autosolvera.com\/index.php\/wp-json\/wp\/v2\/tags?post=1299"}],"curies":[{"name":"wp","href":"https:\/\/api.w.org\/{rel}","templated":true}]}}