{"id":1518,"date":"2023-09-08T15:06:11","date_gmt":"2023-09-08T13:06:11","guid":{"rendered":"http:\/\/autosolvera.com\/index.php\/contact\/"},"modified":"2023-09-15T16:14:39","modified_gmt":"2023-09-15T14:14:39","slug":"contacto","status":"publish","type":"page","link":"https:\/\/autosolvera.com\/index.php\/contacto\/","title":{"rendered":"Situaci\u00f3n y contacto"},"content":{"rendered":"<h3><img loading=\"lazy\" decoding=\"async\" class=\"aligncenter wp-image-3145 size-full\" src=\"http:\/\/autosolvera.com\/wp-content\/uploads\/2023\/09\/WhatsApp-Image-2023-09-15-at-12.07.02.jpeg\" alt=\"WhatsApp Image 2023-09-15 at 12.07.02\" width=\"1210\" height=\"536\" srcset=\"https:\/\/autosolvera.com\/wp-content\/uploads\/2023\/09\/WhatsApp-Image-2023-09-15-at-12.07.02.jpeg 1210w, https:\/\/autosolvera.com\/wp-content\/uploads\/2023\/09\/WhatsApp-Image-2023-09-15-at-12.07.02-300x133.jpeg 300w, https:\/\/autosolvera.com\/wp-content\/uploads\/2023\/09\/WhatsApp-Image-2023-09-15-at-12.07.02-1024x454.jpeg 1024w, https:\/\/autosolvera.com\/wp-content\/uploads\/2023\/09\/WhatsApp-Image-2023-09-15-at-12.07.02-768x340.jpeg 768w, https:\/\/autosolvera.com\/wp-content\/uploads\/2023\/09\/WhatsApp-Image-2023-09-15-at-12.07.02-500x221.jpeg 500w, https:\/\/autosolvera.com\/wp-content\/uploads\/2023\/09\/WhatsApp-Image-2023-09-15-at-12.07.02-800x354.jpeg 800w\" sizes=\"auto, (max-width: 1210px) 100vw, 1210px\" \/><\/h3>\n<h3>\u00a0<\/h3>\n<h3><span style=\"color: #201dc4;\">Concesionario AUTOS OLVERA:<\/span><\/h3>\n<p>Direcci\u00f3n: Avinguda de Catalunya 19, 17253 Mont-r\u00e1s (Girona).<br \/>Tel\u00e9fono de contacto.: +34 681 683 775 (Atendemos llamadas y WhatsApp).<br \/>Email de contacto: autosolverajuan@gmail.com<\/p>\n<h3>\u00a0<\/h3>\n<h3><span style=\"color: #201dc4;\">Horario Comercial AUTOS OLVERA:<\/span><\/h3>\n<p>Lunes a viernes 9:00h a 13:00h y de 15:00h a 20:00h<br \/>S\u00e1bado: 9:00h a 13:30h<br \/>Domingo: Cerrado<\/p>\n<p><span style=\"color: #ff0000;\"><strong>Posibilidad de ampliaci\u00f3n de horarios mediante cita previa.<em><br \/><br \/><br \/><br \/><br \/><\/em><\/strong><\/span><\/p>\n<h2 style=\"text-align: center;\"><span style=\"color: #201dc4;\">FORMULARIO DE CONTACTO:<\/span><\/h2>\n\n\n<div class=\"wp-block-group\"><div class=\"wp-block-group__inner-container is-layout-constrained wp-block-group-is-layout-constrained\">\n<div class=\"wp-block-uagb-forms uagb-forms__outer-wrap uagb-block-7f92d9a3 uagb-forms__medium-btn\"><form class=\"uagb-forms-main-form\" method=\"post\" autocomplete=\"on\" name=\"uagb-form-7f92d9a3\">\n<div class=\"wp-block-uagb-forms-name uagb-forms-name-wrap uagb-forms-field-set uagb-block-987f6ced\"><div class=\"uagb-forms-name-label required uagb-forms-input-label\" id=\"987f6ced\">Nombre<\/div><input type=\"text\" placeholder=\"Juan\" required class=\"uagb-forms-name-input uagb-forms-input\" name=\"987f6ced\" autocomplete=\"given-name\"\/><\/div>\n\n\n\n<div class=\"wp-block-uagb-forms-name uagb-forms-name-wrap uagb-forms-field-set uagb-block-f81bbcd6\"><div class=\"uagb-forms-name-label required uagb-forms-input-label\" id=\"f81bbcd6\">Apellidos<\/div><input type=\"text\" placeholder=\"Nadie\" required class=\"uagb-forms-name-input uagb-forms-input\" name=\"f81bbcd6\" autocomplete=\"family-name\"\/><\/div>\n\n\n\n<div class=\"wp-block-uagb-forms-email uagb-forms-email-wrap uagb-forms-field-set uagb-block-2879caed\"><div class=\"uagb-forms-email-label  uagb-forms-input-label\" id=\"2879caed\">Correo electr\u00f3nico<\/div><input type=\"email\" class=\"uagb-forms-email-input uagb-forms-input\" placeholder=\"ejemplo@correo.es\" name=\"2879caed\" autocomplete=\"email\"\/><\/div>\n\n\n\n<div class=\"wp-block-uagb-forms-textarea uagb-forms-textarea-wrap uagb-forms-field-set uagb-block-a5d34f7b\"><div class=\"uagb-forms-textarea-label required uagb-forms-input-label\" id=\"a5d34f7b\">Mensaje<\/div><textarea required class=\"uagb-forms-textarea-input uagb-forms-input\" rows=\"4\" placeholder=\"Introduce tu mensaje\" name=\"a5d34f7b\" autocomplete=\"off\"><\/textarea><\/div>\n<div class=\"uagb-forms-form-hidden-data\"><input type=\"hidden\" class=\"uagb_forms_form_label\" value=\"Formulario Spectra\"\/><input type=\"hidden\" class=\"uagb_forms_form_id\" value=\"uagb-form-7f92d9a3\"\/><\/div><div class=\"uagb-form-reacaptcha-error-7f92d9a3\"><\/div><div class=\"uagb-forms-main-submit-button-wrap wp-block-button\"><button class=\"uagb-forms-main-submit-button wp-block-button__link\"><div class=\"uagb-forms-main-submit-button-text\">Enviar<\/div><\/button><\/div><\/form><div class=\"uagb-forms-success-message-7f92d9a3 uagb-forms-submit-message-hide\"><span>\u00a1El formulario ha sido enviado correctamente!<\/span><\/div><div class=\"uagb-forms-failed-message-7f92d9a3 uagb-forms-submit-message-hide\"><span>Ha ocurrido alg\u00fan error al enviar el formulario. Por favor, revisa de nuevo todos los campos.<\/span><\/div><\/div>\n<\/div><\/div>\n","protected":false},"excerpt":{"rendered":"<p>\u00a0 Concesionario AUTOS OLVERA: Direcci\u00f3n: Avinguda de Catalunya 19, 17253 Mont-r\u00e1s (Girona).Tel\u00e9fono de contacto.: +34 681 683 775 (Atendemos llamadas y WhatsApp).Email de contacto: autosolverajuan@gmail.com \u00a0 Horario Comercial AUTOS OLVERA: Lunes a viernes 9:00h a 13:00h y de 15:00h a 20:00hS\u00e1bado: 9:00h a 13:30hDomingo: Cerrado Posibilidad de ampliaci\u00f3n de horarios&hellip; <\/p>\n<p class=\"link-more\"><a href=\"https:\/\/autosolvera.com\/index.php\/contacto\/\" class=\"more-link\">Read More<span class=\"screen-reader-text\">Situaci\u00f3n y contacto<\/span><\/a><\/p>\n","protected":false},"author":1,"featured_media":0,"parent":0,"menu_order":0,"comment_status":"closed","ping_status":"closed","template":"","meta":{"_uag_custom_page_level_css":"","slim_seo":{"title":"Situaci\u00f3n y contacto - Autos Olvera","description":"\u00a0 Concesionario AUTOS OLVERA: Direcci\u00f3n: Avinguda de Catalunya 19, 17253 Mont-r\u00e1s (Girona). Tel\u00e9fono de contacto.: +34 681 683 775 (Atendemos llamadas y WhatsAp"},"_vp_format_video_url":"","_vp_image_focal_point":[],"footnotes":""},"tags":[],"class_list":["post-1518","page","type-page","status-publish","hentry"],"uagb_featured_image_src":{"full":false,"thumbnail":false,"medium":false,"medium_large":false,"large":false,"1536x1536":false,"2048x2048":false,"vp_sm":false,"vp_md":false,"vp_lg":false,"vp_xl":false,"vp_sm_popup":false,"vp_md_popup":false,"vp_xl_popup":false,"post-thumbnail":false,"al-sml":false},"uagb_author_info":{"display_name":"admin","author_link":"https:\/\/autosolvera.com\/index.php\/author\/admin\/"},"uagb_comment_info":0,"uagb_excerpt":"\u00a0 Concesionario AUTOS OLVERA: Direcci\u00f3n: Avinguda de Catalunya 19, 17253 Mont-r\u00e1s (Girona).Tel\u00e9fono de contacto.: +34 681 683 775 (Atendemos llamadas y WhatsApp).Email de contacto: autosolverajuan@gmail.com \u00a0 Horario Comercial AUTOS OLVERA: Lunes a viernes 9:00h a 13:00h y de 15:00h a 20:00hS\u00e1bado: 9:00h a 13:30hDomingo: Cerrado Posibilidad de ampliaci\u00f3n de horarios&hellip; Read MoreSituaci\u00f3n y contacto","jetpack_sharing_enabled":true,"_links":{"self":[{"href":"https:\/\/autosolvera.com\/index.php\/wp-json\/wp\/v2\/pages\/1518","targetHints":{"allow":["GET"]}}],"collection":[{"href":"https:\/\/autosolvera.com\/index.php\/wp-json\/wp\/v2\/pages"}],"about":[{"href":"https:\/\/autosolvera.com\/index.php\/wp-json\/wp\/v2\/types\/page"}],"author":[{"embeddable":true,"href":"https:\/\/autosolvera.com\/index.php\/wp-json\/wp\/v2\/users\/1"}],"replies":[{"embeddable":true,"href":"https:\/\/autosolvera.com\/index.php\/wp-json\/wp\/v2\/comments?post=1518"}],"version-history":[{"count":20,"href":"https:\/\/autosolvera.com\/index.php\/wp-json\/wp\/v2\/pages\/1518\/revisions"}],"predecessor-version":[{"id":3176,"href":"https:\/\/autosolvera.com\/index.php\/wp-json\/wp\/v2\/pages\/1518\/revisions\/3176"}],"wp:attachment":[{"href":"https:\/\/autosolvera.com\/index.php\/wp-json\/wp\/v2\/media?parent=1518"}],"wp:term":[{"taxonomy":"post_tag","embeddable":true,"href":"https:\/\/autosolvera.com\/index.php\/wp-json\/wp\/v2\/tags?post=1518"}],"curies":[{"name":"wp","href":"https:\/\/api.w.org\/{rel}","templated":true}]}}